{"id":617,"date":"2023-11-15T15:32:11","date_gmt":"2023-11-15T14:32:11","guid":{"rendered":"https:\/\/new.appartamenti-lathuile.com\/tariffe\/"},"modified":"2023-11-20T17:20:01","modified_gmt":"2023-11-20T16:20:01","slug":"tarifs","status":"publish","type":"page","link":"https:\/\/www.appartamenti-lathuile.com\/fr\/tarifs\/","title":{"rendered":"Tarifs"},"content":{"rendered":"<p>Le s\u00e9jour minimum est de 3 nuits.<\/p>\n<p><strong>Les tarifs comprennent :<\/strong><br \/>\nl\u2019\u00e9lectricit\u00e9, l\u2019eau, le linge de maison (chambre \u00e0 coucher, de salle de bains et cuisine) avec change hebdomadaire. Pendant le s\u00e9jour, le m\u00e9nage doit \u00eatre effectu\u00e9 par les clients. Le m\u00e9nage en fin de s\u00e9jour est inclus.<\/p>\n<p><strong>Services payants<\/strong><br \/>\nSur demande, le nettoyage pendant le s\u00e9jour est \u00e0 \u20ac 10,00 par heure.<\/p>\n<p><strong>D\u00e9but\/fin du s\u00e9jour<\/strong><br \/>\nArriv\u00e9e \u00e0 partir de 15 h.<br \/>\nD\u00e9part avant 10 h.<\/p>\n","protected":false},"excerpt":{"rendered":"<p>Le s\u00e9jour minimum est de 3 nuits. Les tarifs comprennent : l\u2019\u00e9lectricit\u00e9, l\u2019eau, le linge de maison (chambre \u00e0 coucher, de salle de bains et cuisine) avec change hebdomadaire. Pendant le s\u00e9jour, le m\u00e9nage doit \u00eatre effectu\u00e9 par les clients. Le m\u00e9nage en fin de s\u00e9jour est inclus. Services payants Sur demande, le nettoyage pendant [&hellip;]<\/p>\n","protected":false},"author":1,"featured_media":0,"parent":0,"menu_order":9,"comment_status":"closed","ping_status":"closed","template":"","meta":{"footnotes":""},"class_list":["post-617","page","type-page","status-publish","hentry"],"acf":[],"_links":{"self":[{"href":"https:\/\/www.appartamenti-lathuile.com\/fr\/wp-json\/wp\/v2\/pages\/617","targetHints":{"allow":["GET"]}}],"collection":[{"href":"https:\/\/www.appartamenti-lathuile.com\/fr\/wp-json\/wp\/v2\/pages"}],"about":[{"href":"https:\/\/www.appartamenti-lathuile.com\/fr\/wp-json\/wp\/v2\/types\/page"}],"author":[{"embeddable":true,"href":"https:\/\/www.appartamenti-lathuile.com\/fr\/wp-json\/wp\/v2\/users\/1"}],"replies":[{"embeddable":true,"href":"https:\/\/www.appartamenti-lathuile.com\/fr\/wp-json\/wp\/v2\/comments?post=617"}],"version-history":[{"count":2,"href":"https:\/\/www.appartamenti-lathuile.com\/fr\/wp-json\/wp\/v2\/pages\/617\/revisions"}],"predecessor-version":[{"id":619,"href":"https:\/\/www.appartamenti-lathuile.com\/fr\/wp-json\/wp\/v2\/pages\/617\/revisions\/619"}],"wp:attachment":[{"href":"https:\/\/www.appartamenti-lathuile.com\/fr\/wp-json\/wp\/v2\/media?parent=617"}],"curies":[{"name":"wp","href":"https:\/\/api.w.org\/{rel}","templated":true}]}}